{"id":14074,"date":"2019-11-05T10:15:23","date_gmt":"2019-11-05T15:15:23","guid":{"rendered":"https:\/\/parents.omsmontessori.com\/merci-pour-votre-inscription\/"},"modified":"2023-11-30T20:58:04","modified_gmt":"2023-12-01T01:58:04","slug":"merci-pour-votre-inscription","status":"publish","type":"page","link":"https:\/\/parents.omsmontessori.com\/fr\/merci-pour-votre-inscription\/","title":{"rendered":"Merci pour votre inscription"},"content":{"rendered":"\n<p>Merci de votre inscription. Nous examinerons votre compte et vous contacterons pour v\u00e9rifier vos informations si n\u00e9cessaire. Votre compte devrait \u00eatre actif dans les 2 jours ouvrables. Si vous avez d&rsquo;autres questions, s&rsquo;il vous pla\u00eet <a href=\"https:\/\/parents.omsmontessori.com\/fr\/nous-joindre\/\">nous joindre<\/a>.<\/p>\n","protected":false},"excerpt":{"rendered":"<p>Merci de votre inscription. Nous examinerons votre compte et vous contacterons pour v\u00e9rifier vos informations si n\u00e9cessaire. Votre compte devrait \u00eatre actif dans les 2 jours ouvrables. Si vous avez d&rsquo;autres questions, s&rsquo;il vous pla\u00eet nous joindre.<\/p>\n","protected":false},"author":1,"featured_media":0,"parent":0,"menu_order":0,"comment_status":"closed","ping_status":"closed","template":"","meta":{"footnotes":""},"class_list":["post-14074","page","type-page","status-publish","hentry"],"jetpack_sharing_enabled":true,"_links":{"self":[{"href":"https:\/\/parents.omsmontessori.com\/fr\/wp-json\/wp\/v2\/pages\/14074","targetHints":{"allow":["GET"]}}],"collection":[{"href":"https:\/\/parents.omsmontessori.com\/fr\/wp-json\/wp\/v2\/pages"}],"about":[{"href":"https:\/\/parents.omsmontessori.com\/fr\/wp-json\/wp\/v2\/types\/page"}],"author":[{"embeddable":true,"href":"https:\/\/parents.omsmontessori.com\/fr\/wp-json\/wp\/v2\/users\/1"}],"replies":[{"embeddable":true,"href":"https:\/\/parents.omsmontessori.com\/fr\/wp-json\/wp\/v2\/comments?post=14074"}],"version-history":[{"count":1,"href":"https:\/\/parents.omsmontessori.com\/fr\/wp-json\/wp\/v2\/pages\/14074\/revisions"}],"predecessor-version":[{"id":14075,"href":"https:\/\/parents.omsmontessori.com\/fr\/wp-json\/wp\/v2\/pages\/14074\/revisions\/14075"}],"wp:attachment":[{"href":"https:\/\/parents.omsmontessori.com\/fr\/wp-json\/wp\/v2\/media?parent=14074"}],"curies":[{"name":"wp","href":"https:\/\/api.w.org\/{rel}","templated":true}]}}