{"id":17040,"date":"2025-12-05T10:53:42","date_gmt":"2025-12-05T15:53:42","guid":{"rendered":"https:\/\/parents.omsmontessori.com\/?post_type=product&#038;p=17040"},"modified":"2025-12-05T15:00:08","modified_gmt":"2025-12-05T20:00:08","slug":"garderie-avant-et-apres-lecole-pour-les-eleves-du-primaire-2023-2024-copy-copy","status":"publish","type":"product","link":"https:\/\/parents.omsmontessori.com\/fr\/produit\/garderie-avant-et-apres-lecole-pour-les-eleves-du-primaire-2023-2024-copy-copy\/","title":{"rendered":"Service de garde avant et apr\u00e8s l\u2019\u00e9cole 2025\/2026 pour les \u00e9l\u00e8ves du primaire"},"content":{"rendered":"<p style=\"font-weight: 400;\"><strong>Service de garde avant l\u2019\u00e9cole :<\/strong><\/p>\n<p style=\"font-weight: 400;\">OMS Montessori offrira l\u2019option d\u2019un service de garde avant l\u2019\u00e9cole commen\u00e7ant \u00e0 7 h 30 \u00e0 partir du lundi 5 janvier 2026. Le service de garde avant l&rsquo;\u00e9cole est ouverte de 7 h 30 \u00e0 8 h 35. <\/p>\n<p style=\"font-weight: 400;\"><strong>Service de garde apr\u00e8s l\u2019\u00e9cole :<\/strong><\/p>\n<p style=\"font-weight: 400;\">Les \u00e9l\u00e8ves qui restent pour le service de garde apr\u00e8s l\u2019\u00e9cole se rendront dans la cour du primaire apr\u00e8s leur classe. Les\u00e9l\u00e8ves passeront la majorit\u00e9 de leur temps dehors, si la temp\u00e9rature le permet. Le service de garde apr\u00e8s l&rsquo;\u00e9cole est assur\u00e9 de 16 h \u00e0 17 h 45.  <\/p>\n<p style=\"font-weight: 400;\">Des frais de retard de 6,50 $ par minute seront impos\u00e9s pass\u00e9 17 h 45.<br \/>\nLes factures sont envoy\u00e9es \u00e0 la fin de chaque mois. Les factures sont envoy\u00e9es \u00e0 la fin de chaque mois.<\/p>\n<p style=\"font-weight: 400;\"><span style=\"text-decoration: underline;\">Clubs parascolaires :<\/span><\/p>\n<p style=\"font-weight: 400;\">Les \u00e9l\u00e8ves peuvent choisir de s\u2019inscrire aux clubs qui pr\u00e9sentent d\u2019ordinaire un programme de huit semaines propos\u00e9espar un tiers. Les clubs varient chaque trimestre et imposent des frais additionnels, avec une r\u00e9duction pour les \u00e9l\u00e8ves inscrits au service de garde apr\u00e8s l\u2019\u00e9cole. <\/p>\n<p style=\"font-weight: 400;\">Un forfait \u00e0 tarif fixe versus un forfait de garderie impr\u00e9vue<\/p>\n<p style=\"font-weight: 400;\"><span style=\"text-decoration: underline;\">Un forfait \u00e0 tarif fixe :<\/span><\/p>\n<ul>\n<li>o optimal pour besoins quotidiens de services de garde,<\/li>\n<li>o co\u00fbt \u00e9tabli selon le nombre de jours semestriels.<\/li>\n<li>o les frais de garde sont inclus pendant les journ\u00e9es de r\u00e9unions parents-enseignants ; cependant, les frais des sorties scolaires ces jours-l\u00e0 sont suppl\u00e9mentaires.<\/li>\n<\/ul>\n<p style=\"font-weight: 400;\">Les forfaits doivent \u00eatre achet\u00e9s d\u2019ici le 15 d\u00e9cembre 2025.<\/p>\n<p style=\"font-weight: 400;\">Forfait de garderie impr\u00e9vue pour les parents qui n&rsquo;ont pas de forfait de garderie et qui pourraient avoir besoin d&rsquo;un service de garde occasionnelle parce qu&rsquo;ils viennent chercher leur enfant apr\u00e8s 16 h, veuillez appeler le bureau et nous informer que vous avez besoin d&rsquo;un service de garderie.<\/p>\n<ul>\n<li>o Co\u00fbt : 40.00 $ par jour pour les services de garde avant ou apr\u00e8s l\u2019\u00e9cole, OU 80.00 $ par jour pour les services de garde avant et apr\u00e8s l\u2019\u00e9cole.<\/li>\n<li>o Factur\u00e9s mensuellement.<\/li>\n<\/ul>\n<p style=\"font-weight: 400;\">Information additionnelle :<\/p>\n<ul>\n<li>o les \u00e9l\u00e8ves doivent s\u2019identifier au moment o\u00f9 ils arrivent et quand ils quittent aupr\u00e8s d\u2019un responsable du service de garde pour des raisons de s\u00e9curit\u00e9,<\/li>\n<li>o des frais de retard de 6,50 $ par minute seront impos\u00e9s apr\u00e8s 17 h 45,<\/li>\n<li>o les re\u00e7us fiscaux pour les frais de garde sont envoy\u00e9s en f\u00e9vrier pour l\u2019ann\u00e9e pr\u00e9c\u00e9dente.<\/li>\n<\/ul>\n<p style=\"font-weight: 400;\"><u>Comment inscrire mon enfant \u00e0 un forfait de garderie :<\/u><\/p>\n<p style=\"font-weight: 400;\">Forfaits de garderie de janvier \u00e0 juin 2026<\/p>\n<ul>\n<li>\u2022 Forfait de garderie avant l\u2019\u00e9cole : 980,00 $<\/li>\n<li>\u2022 Forfait de garderie apr\u00e8s l\u2019\u00e9cole : 1 370,00 $<\/li>\n<li>\u2022 Forfait de garderie avant et apr\u00e8s l\u2019\u00e9cole : 2 349,00 $<\/li>\n<\/ul>\n<p style=\"font-weight: 400;\">Pour inscrire votre enfant \u00e0 un forfait de garderie, veuillez s.v.p. vous rendre sur le Portail des parents d\u2019OMS Montessori (<a href=\"http:\/\/parent.omsmontessori.com\/fr\">https:\/\/parents.omsmontessori.com<\/a>) et cliquez Garderie.<\/p>\n<p style=\"font-weight: 400;\">Vous devez inscrire votre enfant sur votre compte avant de proc\u00e9der au paiement. Acc\u00e9dez aux param\u00e8tres de votre compte etcliquez sur \u00ab ajouter un enfant \u00bb ou cliquez sur le bouton \u00ab ajouter un enfant \u00bb sur la page d&rsquo;accueil du Portail des parents <\/p>\n<p style=\"font-weight: 400;\">Veuillez noter que vous devez compl\u00e9ter les commandes de chaque enfant s\u00e9par\u00e9ment.<\/p>\n","protected":false},"excerpt":{"rendered":"<p style=\"font-weight: 400;\"><strong>Garde avant l&rsquo;\u00e9cole :<\/strong><\/p>\n<p style=\"font-weight: 400;\">OMS Montessori offrira l\u2019option d\u2019un service de garde avant l\u2019\u00e9cole commen\u00e7ant \u00e0 7 h 30 \u00e0 partir du lundi 5 janvier 2026. Le service de garde avant l&rsquo;\u00e9cole est ouverte de 7 h 30 \u00e0 8 h 35. <\/p>\n<p style=\"font-weight: 400;\"><strong>Garde apr\u00e8s l&rsquo;\u00e9cole :<\/strong><\/p>\n<p style=\"font-weight: 400;\">Les \u00e9l\u00e8ves qui restent pour le service de garde apr\u00e8s l\u2019\u00e9cole se rendront dans la cour du primaire apr\u00e8s leur classe. Les\u00e9l\u00e8ves passeront la majorit\u00e9 de leur temps dehors, si la temp\u00e9rature le permet. Le service de garde apr\u00e8s l&rsquo;\u00e9cole est assur\u00e9 de 16 h \u00e0 17 h 45.  <\/p>\n<p style=\"font-weight: 400;\">A late fee of $6.50 will be charged for every minute beyond 5:45 p.m.<br \/>\nLes factures seront fournies \u00e0 la fin de chaque mois. <\/p>\n<p style=\"font-weight: 400;\"><span style=\"text-decoration: underline;\">Clubs parascolaires :<\/span><\/p>\n<p style=\"font-weight: 400;\">Les \u00e9l\u00e8ves peuvent choisir de s\u2019inscrire aux clubs qui pr\u00e9sentent d\u2019ordinaire un programme de huit semaines propos\u00e9espar un tiers. Les clubs varient chaque trimestre et imposent des frais additionnels, avec une r\u00e9duction pour les \u00e9l\u00e8ves inscrits au service de garde apr\u00e8s l\u2019\u00e9cole. <\/p>\n<p style=\"font-weight: 400;\">Un forfait \u00e0 tarif fixe versus un forfait de garderie impr\u00e9vue<\/p>\n<p style=\"font-weight: 400;\"><span style=\"text-decoration: underline;\">Forfait forfaitaire :<\/span><\/p>\n<ul>\n<li>optimal pour besoins quotidiens de services de garde,<\/li>\n<li>co\u00fbt \u00e9tabli selon le nombre de jours semestriels.<\/li>\n<\/ul>\n<p style=\"font-weight: 400;\">Les forfaits doivent \u00eatre achet\u00e9s d\u2019ici le <u>15 d\u00e9cembre 2025.<\/u><\/p>\n<p style=\"font-weight: 400;\">Forfait de garderie impr\u00e9vue pour les parents qui n&rsquo;ont pas de forfait de garderie et qui pourraient avoir besoin d&rsquo;un service de garde occasionnelle parce qu&rsquo;ils viennent chercher leur enfant apr\u00e8s 16 h, veuillez appeler le bureau et nous informer que vous avez besoin d&rsquo;un service de garderie.<\/p>\n<ul>\n<li>Co\u00fbt : 40.00 $ par jour pour les services de garde avant ou apr\u00e8s l\u2019\u00e9cole, OU 80.00 $ par jour pour les services de garde avant et apr\u00e8s l\u2019\u00e9cole.<\/li>\n<li>Factur\u00e9s mensuellement.<\/li>\n<\/ul>\n<p style=\"font-weight: 400;\">Information additionnelle :<\/p>\n<ul>\n<li>les \u00e9l\u00e8ves doivent s\u2019identifier au moment o\u00f9 ils arrivent et quand ils quittent aupr\u00e8s d\u2019un responsable du service de garde pour des raisons de s\u00e9curit\u00e9,<\/li>\n<li>des frais de retard de 6,50 $ par minute seront impos\u00e9s apr\u00e8s 17 h 45,<\/li>\n<li>les re\u00e7us fiscaux pour les frais de garde sont envoy\u00e9s en f\u00e9vrier pour l\u2019ann\u00e9e pr\u00e9c\u00e9dente.<\/li>\n<\/ul>\n<p style=\"font-weight: 400;\"><u>Comment inscrire mon enfant \u00e0 un forfait de garderie :<\/u><\/p>\n<p style=\"font-weight: 400;\">Forfaits de garderie de janvier \u00e0 juin 2026<\/p>\n<ul>\n<li>Forfait de garderie avant l\u2019\u00e9cole : 980,00 $<\/li>\n<li>Forfait de garderie apr\u00e8s l\u2019\u00e9cole : 1 370,00 $<\/li>\n<li>Forfait de garderie avant et apr\u00e8s l\u2019\u00e9cole : 2 349,00 $<\/li>\n<\/ul>\n<p style=\"font-weight: 400;\">Pour inscrire votre enfant \u00e0 un forfait de garderie, veuillez s.v.p. vous rendre sur le Portail des parents d\u2019OMS Montessori (<a href=\"http:\/\/parent.omsmontessori.com\/\">https:\/\/parents.omsmontessori.com<\/a>) et cliquez Garderie.<\/p>\n<p style=\"font-weight: 400;\">Vous devez inscrire votre enfant sur votre compte avant de proc\u00e9der au paiement. Acc\u00e9dez aux param\u00e8tres de votre compte etcliquez sur \u00ab ajouter un enfant \u00bb ou cliquez sur le bouton \u00ab ajouter un enfant \u00bb sur la page d&rsquo;accueil du Portail des parents <\/p>\n<p style=\"font-weight: 400;\">Veuillez noter que vous devez compl\u00e9ter les commandes de chaque enfant s\u00e9par\u00e9ment.<\/p>\n","protected":false},"featured_media":14036,"template":"","meta":[],"product_brand":[],"product_cat":[117],"product_tag":[],"class_list":{"0":"post-17040","1":"product","2":"type-product","3":"status-publish","4":"has-post-thumbnail","6":"product_cat-oms-montessori-fr","8":"first","9":"instock","10":"purchasable","11":"product-type-variable"},"jetpack_sharing_enabled":true,"_links":{"self":[{"href":"https:\/\/parents.omsmontessori.com\/fr\/wp-json\/wp\/v2\/product\/17040","targetHints":{"allow":["GET"]}}],"collection":[{"href":"https:\/\/parents.omsmontessori.com\/fr\/wp-json\/wp\/v2\/product"}],"about":[{"href":"https:\/\/parents.omsmontessori.com\/fr\/wp-json\/wp\/v2\/types\/product"}],"wp:featuredmedia":[{"embeddable":true,"href":"https:\/\/parents.omsmontessori.com\/fr\/wp-json\/wp\/v2\/media\/14036"}],"wp:attachment":[{"href":"https:\/\/parents.omsmontessori.com\/fr\/wp-json\/wp\/v2\/media?parent=17040"}],"wp:term":[{"taxonomy":"product_brand","embeddable":true,"href":"https:\/\/parents.omsmontessori.com\/fr\/wp-json\/wp\/v2\/product_brand?post=17040"},{"taxonomy":"product_cat","embeddable":true,"href":"https:\/\/parents.omsmontessori.com\/fr\/wp-json\/wp\/v2\/product_cat?post=17040"},{"taxonomy":"product_tag","embeddable":true,"href":"https:\/\/parents.omsmontessori.com\/fr\/wp-json\/wp\/v2\/product_tag?post=17040"}],"curies":[{"name":"wp","href":"https:\/\/api.w.org\/{rel}","templated":true}]}}